{"id":465,"date":"2015-07-08T22:49:12","date_gmt":"2015-07-08T22:49:12","guid":{"rendered":"http:\/\/apfisio.pt\/gifpa\/?page_id=465"},"modified":"2023-01-28T19:15:56","modified_gmt":"2023-01-28T19:15:56","slug":"9o-congresso-nacional-fisioterapeutas","status":"publish","type":"page","link":"http:\/\/gifpa.apfisio.pt\/gifpa\/9o-congresso-nacional-fisioterapeutas\/","title":{"rendered":"EVENTOS PASSADOS"},"content":{"rendered":"<p><strong>O GIFPA ESTEVE&nbsp;PRESENTE:<\/strong><\/p>\n<p><strong>&nbsp;9\u00baCONGRESSO NACIONAL DE FISIOTERAPEUTAS COM A&nbsp; SESS\u00c3O SUBORDINADA AO TEMA &#8220;DOR NA PESSOA COM AMPUTA\u00c7\u00c3O&#8221;<\/strong><\/p>\n<p><strong>VEJA AQUI O V\u00cdDEO!<\/strong><\/p>\n<p><a href=\"https:\/\/www.youtube.com\/watch?t=31&amp;v=FzAcVeOvaW4\">https:\/\/www.youtube.com\/watch?t=31&amp;v=FzAcVeOvaW4<\/a><\/p>\n<p><strong>&nbsp;CONGRESSO MUNDIAL FISIOTERAPIA 2015 &#8211; SINGAPURA<\/strong><\/p>\n<p><iframe title=\"WCPT Congress 2015 Singapore: where the world of physical therapy met\" width=\"960\" height=\"540\" src=\"https:\/\/www.youtube.com\/embed\/wIpzpM6eF6k?feature=oembed\" frameborder=\"0\" allow=\"accelerometer; autoplay; clipboard-write; encrypted-media; gyroscope; picture-in-picture; web-share\" allowfullscreen><\/iframe><\/p>\n<p><strong>4\u00ba Congresso da WCPT<\/strong><\/p>\n<p>Promovido pela regi\u00e3o Europeia e que decorreu nos dias 11 e 12 de Novembro em Liverpool-Inglaterra.<br \/>\nEntre os 1200 delegados que representaram 57 diferentes paises, a comitiva portuguesa &#8220;levou&#8221; no seu total 9 Fisioterapeutas.<\/p>\n<p>Decorreu durante o congresso, a reuni\u00e3o<span data-ft=\"{&quot;tn&quot;:&quot;K&quot;}\"><span class=\"UFICommentBody\"> da WCPT Network for physical therapists working with individuals with limb loss or limb absence. <a dir=\"ltr\" href=\"http:\/\/l.facebook.com\/l.php?u=http%3A%2F%2Fwww.wcpt.org%2Far&amp;h=9AQHHoFK1\" target=\"_blank\" rel=\"nofollow noopener\"><!-- react-text: 134 -->www.wcpt.org\/ar<!-- \/react-text --><\/a><\/span><\/span><\/p>\n<p>Foram discutidos assuntos relacionados com as novas tecnologias e as formas mais eficazes de partilhar e difundir o conhecimento.<\/p>\n","protected":false},"excerpt":{"rendered":"<p>O GIFPA ESTEVE&nbsp;PRESENTE: &nbsp;9\u00baCONGRESSO NACIONAL DE FISIOTERAPEUTAS COM A&nbsp; SESS\u00c3O SUBORDINADA AO TEMA &#8220;DOR NA PESSOA COM AMPUTA\u00c7\u00c3O&#8221; VEJA AQUI O V\u00cdDEO! https:\/\/www.youtube.com\/watch?t=31&amp;v=FzAcVeOvaW4 &nbsp;CONGRESSO MUNDIAL FISIOTERAPIA 2015 &#8211; SINGAPURA 4\u00ba Congresso da WCPT Promovido pela regi\u00e3o Europeia e que decorreu nos dias 11 e 12 de Novembro em Liverpool-Inglaterra. Entre os 1200 delegados que representaram [&hellip;]<\/p>\n","protected":false},"author":1,"featured_media":0,"parent":0,"menu_order":0,"comment_status":"closed","ping_status":"closed","template":"","meta":[],"_links":{"self":[{"href":"http:\/\/gifpa.apfisio.pt\/gifpa\/wp-json\/wp\/v2\/pages\/465"}],"collection":[{"href":"http:\/\/gifpa.apfisio.pt\/gifpa\/wp-json\/wp\/v2\/pages"}],"about":[{"href":"http:\/\/gifpa.apfisio.pt\/gifpa\/wp-json\/wp\/v2\/types\/page"}],"author":[{"embeddable":true,"href":"http:\/\/gifpa.apfisio.pt\/gifpa\/wp-json\/wp\/v2\/users\/1"}],"replies":[{"embeddable":true,"href":"http:\/\/gifpa.apfisio.pt\/gifpa\/wp-json\/wp\/v2\/comments?post=465"}],"version-history":[{"count":13,"href":"http:\/\/gifpa.apfisio.pt\/gifpa\/wp-json\/wp\/v2\/pages\/465\/revisions"}],"predecessor-version":[{"id":621,"href":"http:\/\/gifpa.apfisio.pt\/gifpa\/wp-json\/wp\/v2\/pages\/465\/revisions\/621"}],"wp:attachment":[{"href":"http:\/\/gifpa.apfisio.pt\/gifpa\/wp-json\/wp\/v2\/media?parent=465"}],"curies":[{"name":"wp","href":"https:\/\/api.w.org\/{rel}","templated":true}]}}