{"id":413,"date":"2015-02-20T15:57:11","date_gmt":"2015-02-20T15:57:11","guid":{"rendered":"http:\/\/apfisio.pt\/gifpa\/?page_id=413"},"modified":"2018-05-31T20:37:11","modified_gmt":"2018-05-31T20:37:11","slug":"1as-jornadas-gifpa-13-de-fevereiro-2015","status":"publish","type":"page","link":"http:\/\/gifpa.apfisio.pt\/gifpa\/1as-jornadas-gifpa-13-de-fevereiro-2015\/","title":{"rendered":"1\u00aas JORNADAS GIFPA-13 de FEVEREIRO 2015"},"content":{"rendered":"<p style=\"text-align: left;\"><strong><a title=\"VEJA AQUI O VIDEO DAS 1\u00aas JORNADAS do GIFPA\" href=\"http:\/\/youtu.be\/HME2I--hMVA\">VEJA AQUI O VIDEO DAS JORNADAS<\/a><\/strong><\/p>\n<p style=\"text-align: left;\"><span style=\"color: #000000;\"><b>VEJA AQUI AS APRESENTA\u00c7\u00d5ES DAS JORNADAS<\/b><\/span><\/p>\n<p style=\"text-align: left;\">[bsk-pdf-manager-pdf id=&#8221;12&#8243;]\n<p style=\"text-align: left;\">[bsk-pdf-manager-pdf id=&#8221;20&#8243;]\n<p style=\"text-align: left;\">[bsk-pdf-manager-pdf id=&#8221;19&#8243;]\n<p style=\"text-align: left;\">[bsk-pdf-manager-pdf id=&#8221;17&#8243;]\n<p style=\"text-align: left;\">[bsk-pdf-manager-pdf id=&#8221;23&#8243;]\n<p style=\"text-align: left;\">[bsk-pdf-manager-pdf id=&#8221;16&#8243;]\n<p style=\"text-align: left;\">[bsk-pdf-manager-pdf id=&#8221;15&#8243;]\n<p style=\"text-align: left;\">[bsk-pdf-manager-pdf id=&#8221;22&#8243;]\n<p style=\"text-align: left;\">[bsk-pdf-manager-pdf id=&#8221;14&#8243;]\n<p style=\"text-align: left;\">[bsk-pdf-manager-pdf id=&#8221;13&#8243;]\n<p style=\"text-align: left;\">[bsk-pdf-manager-pdf id=&#8221;21&#8243;]\n<p style=\"text-align: left;\"><strong>Nota:<\/strong> Por raz\u00f5es comerciais, n\u00e3o foi disponibilizada a apresenta\u00e7\u00e3o realizada pelo Ortoprot\u00e9sico Paulo Castanheira em representa\u00e7\u00e3o da Medi Portugal.<\/p>\n<p style=\"text-align: center;\"><strong>PRESS RELEASE JORNADAS<\/strong><\/p>\n<p><strong>Amputa\u00e7\u00f5es do Membro Inferior revelam elevadas taxas de mortalidade<\/strong><\/p>\n<p>Segundo o Minist\u00e9rio da Sa\u00fade, em Portugal, s\u00e3o realizadas anualmente cerca de 750 cirurgias programadas de amputa\u00e7\u00e3o dos membros inferiores. Destas, cerca de 60% por doen\u00e7as vasculares perif\u00e9ricas, 23% por diabetes, 16% devido a amputa\u00e7\u00f5es traum\u00e1ticas e 1% por malforma\u00e7\u00f5es \u00f3sseas e articulares.<\/p>\n<p>O mais alarmante \u00e9 que cerca de 50% dos pacientes submetidos a amputa\u00e7\u00f5es, de causa vascular, ao n\u00edvel dos membros inferiores, morrer\u00e3o no prazo de 5 anos. Uma percentagem duas vezes superior \u00e0 verificada nas taxas de mortalidade p\u00f3s-cir\u00fargicas das neoplasias da mama, c\u00f3lon e pr\u00f3stata.<\/p>\n<p>No caso dos pacientes com diabetes submetidos a amputa\u00e7\u00f5es ao n\u00edvel dos membros inferiores, aproximadamente, 55% ser\u00e3o reamputados no espa\u00e7o de 2 a 3 anos.<\/p>\n<p>Pensar em como reduzir estes n\u00fameros foi um dos principais objetivos das 1.<sup>as<\/sup> Jornadas Transdisciplinares em Amputados do Membro Inferior, que se realizaram a 13 de fevereiro, no Hospital Prof. Doutor Fernando da Fonseca.<\/p>\n<p>As Jornadas foram organizadas pelo Grupo de Interesse em Fisioterapia em Pessoas com Amputa\u00e7\u00e3o (GIFPA), uma estrutura pertencente \u00e0 Associa\u00e7\u00e3o Portuguesa de Fisioterapia (APF), que pretendeu assim: &#8220;contribuir para o aprofundamento de conhecimentos t\u00e9cnico-cient\u00edficos, identificar padr\u00f5es de interven\u00e7\u00e3o e de boas pr\u00e1ticas bem como promover a discuss\u00e3o transdisciplinar na promo\u00e7\u00e3o de cuidados \u00e0 pessoa com amputa\u00e7\u00e3o do membro inferior&#8221;, como refere Alexandre Coelho, Presidente do GIFPA.<\/p>\n<p>Durante um dia fisioterapeutas, ortoprot\u00e9sicos, terapeutas ocupacionais, m\u00e9dicos e psic\u00f3logos discutiram a import\u00e2ncia de se olhar para o paciente como um todo nas diferentes fases da sua reabilita\u00e7\u00e3o.<\/p>\n<p>Ao longo da manh\u00e3 falou-se das indica\u00e7\u00f5es e n\u00edveis de amputa\u00e7\u00e3o, assim como da abordagem p\u00f3s-cir\u00fargica da fisioterapia. Tamb\u00e9m estiveram em an\u00e1lise os crit\u00e9rios para a protetiza\u00e7\u00e3o e a quest\u00e3o da fisioterapia na fase anterior e posterior \u00e0 coloca\u00e7\u00e3o da pr\u00f3tese.<\/p>\n<p>Da parte da tarde foram apresentados produtos de apoio e solu\u00e7\u00f5es de protetiza\u00e7\u00e3o que procuram promover integra\u00e7\u00e3o da pessoa com amputa\u00e7\u00e3o nas mais diversas atividades.<\/p>\n<p>A componente psicol\u00f3gica do paciente amputado foi outro dos temas discutidos, refletindo a import\u00e2ncia de um acompanhamento multidisciplinar para estes casos.<\/p>\n<p>O dia terminou com a apresenta\u00e7\u00e3o de alguns casos cl\u00ednicos e com uma sess\u00e3o de videoconfer\u00eancia com a Fisioterapeuta, Louise Tisdale, da Royal Wolverhampton Hospitals NHS Trust, em Inglaterra, que refor\u00e7ou a necessidade da exist\u00eancia de uma rede mundial para fisioterapeutas que se interessam pela reabilita\u00e7\u00e3o de amputados.<\/p>\n<p>Depois da realiza\u00e7\u00e3o destas 1.<sup>as<\/sup> Jornadas, o GIFPA estar\u00e1 representado no Congresso Mundial de Fisioterapia, no m\u00eas de maio, em Singapura.<\/p>\n","protected":false},"excerpt":{"rendered":"<p>VEJA AQUI O VIDEO DAS JORNADAS VEJA AQUI AS APRESENTA\u00c7\u00d5ES DAS JORNADAS [bsk-pdf-manager-pdf id=&#8221;12&#8243;] [bsk-pdf-manager-pdf id=&#8221;20&#8243;] [bsk-pdf-manager-pdf id=&#8221;19&#8243;] [bsk-pdf-manager-pdf id=&#8221;17&#8243;] [bsk-pdf-manager-pdf id=&#8221;23&#8243;] [bsk-pdf-manager-pdf id=&#8221;16&#8243;] [bsk-pdf-manager-pdf id=&#8221;15&#8243;] [bsk-pdf-manager-pdf id=&#8221;22&#8243;] [bsk-pdf-manager-pdf id=&#8221;14&#8243;] [bsk-pdf-manager-pdf id=&#8221;13&#8243;] [bsk-pdf-manager-pdf id=&#8221;21&#8243;] Nota: Por raz\u00f5es comerciais, n\u00e3o foi disponibilizada a apresenta\u00e7\u00e3o realizada pelo Ortoprot\u00e9sico Paulo Castanheira em representa\u00e7\u00e3o da Medi Portugal. PRESS RELEASE [&hellip;]<\/p>\n","protected":false},"author":1,"featured_media":0,"parent":0,"menu_order":0,"comment_status":"closed","ping_status":"closed","template":"","meta":[],"_links":{"self":[{"href":"http:\/\/gifpa.apfisio.pt\/gifpa\/wp-json\/wp\/v2\/pages\/413"}],"collection":[{"href":"http:\/\/gifpa.apfisio.pt\/gifpa\/wp-json\/wp\/v2\/pages"}],"about":[{"href":"http:\/\/gifpa.apfisio.pt\/gifpa\/wp-json\/wp\/v2\/types\/page"}],"author":[{"embeddable":true,"href":"http:\/\/gifpa.apfisio.pt\/gifpa\/wp-json\/wp\/v2\/users\/1"}],"replies":[{"embeddable":true,"href":"http:\/\/gifpa.apfisio.pt\/gifpa\/wp-json\/wp\/v2\/comments?post=413"}],"version-history":[{"count":25,"href":"http:\/\/gifpa.apfisio.pt\/gifpa\/wp-json\/wp\/v2\/pages\/413\/revisions"}],"predecessor-version":[{"id":563,"href":"http:\/\/gifpa.apfisio.pt\/gifpa\/wp-json\/wp\/v2\/pages\/413\/revisions\/563"}],"wp:attachment":[{"href":"http:\/\/gifpa.apfisio.pt\/gifpa\/wp-json\/wp\/v2\/media?parent=413"}],"curies":[{"name":"wp","href":"https:\/\/api.w.org\/{rel}","templated":true}]}}