{"id":10,"date":"2014-05-09T16:31:39","date_gmt":"2014-05-09T16:31:39","guid":{"rendered":"http:\/\/marte.pt\/gifpa\/?page_id=10"},"modified":"2014-10-03T20:36:20","modified_gmt":"2014-10-03T20:36:20","slug":"quem-somos","status":"publish","type":"page","link":"http:\/\/gifpa.apfisio.pt\/gifpa\/quem-somos\/","title":{"rendered":"Quem Somos"},"content":{"rendered":"<p>O Grupo de Interesse em Fisioterapia em Pessoas com Amputa\u00e7\u00e3o (GIFPA) \u00e9 uma estrutura colegial de \u00e2mbito nacional, pertencente \u00e0 Associa\u00e7\u00e3o Portuguesa de Fisioterapeutas (APF), que centra a sua actividade na \u00e1rea profissional da Fisioterapia em pessoas com amputa\u00e7\u00e3o.<\/p>\n<p>O GIFPA surgiu sob proposta dos s\u00f3cios da APF, aprovada em Assembleia Geral a 29 de Mar\u00e7o de 2014 (segundo o artigo 48\u00ba dos Estatutos da APF).<\/p>\n<p>A actividade do GIFPA tem car\u00e1cter nacional, garantindo a cobertura das necessidades regionais.<\/p>\n<p>&nbsp;<\/p>\n","protected":false},"excerpt":{"rendered":"<p>O Grupo de Interesse em Fisioterapia em Pessoas com Amputa\u00e7\u00e3o (GIFPA) \u00e9 uma estrutura colegial de \u00e2mbito nacional, pertencente \u00e0 Associa\u00e7\u00e3o Portuguesa de Fisioterapeutas (APF), que centra a sua actividade na \u00e1rea profissional da Fisioterapia em pessoas com amputa\u00e7\u00e3o. O GIFPA surgiu sob proposta dos s\u00f3cios da APF, aprovada em Assembleia Geral a 29 de [&hellip;]<\/p>\n","protected":false},"author":1,"featured_media":0,"parent":0,"menu_order":0,"comment_status":"closed","ping_status":"closed","template":"","meta":[],"_links":{"self":[{"href":"http:\/\/gifpa.apfisio.pt\/gifpa\/wp-json\/wp\/v2\/pages\/10"}],"collection":[{"href":"http:\/\/gifpa.apfisio.pt\/gifpa\/wp-json\/wp\/v2\/pages"}],"about":[{"href":"http:\/\/gifpa.apfisio.pt\/gifpa\/wp-json\/wp\/v2\/types\/page"}],"author":[{"embeddable":true,"href":"http:\/\/gifpa.apfisio.pt\/gifpa\/wp-json\/wp\/v2\/users\/1"}],"replies":[{"embeddable":true,"href":"http:\/\/gifpa.apfisio.pt\/gifpa\/wp-json\/wp\/v2\/comments?post=10"}],"version-history":[{"count":3,"href":"http:\/\/gifpa.apfisio.pt\/gifpa\/wp-json\/wp\/v2\/pages\/10\/revisions"}],"predecessor-version":[{"id":343,"href":"http:\/\/gifpa.apfisio.pt\/gifpa\/wp-json\/wp\/v2\/pages\/10\/revisions\/343"}],"wp:attachment":[{"href":"http:\/\/gifpa.apfisio.pt\/gifpa\/wp-json\/wp\/v2\/media?parent=10"}],"curies":[{"name":"wp","href":"https:\/\/api.w.org\/{rel}","templated":true}]}}